{"id":7,"date":"2021-04-07T16:10:50","date_gmt":"2021-04-07T14:10:50","guid":{"rendered":"http:\/\/hollerbusch-berlin.de\/test\/?page_id=7"},"modified":"2021-09-15T14:06:08","modified_gmt":"2021-09-15T12:06:08","slug":"geschichte","status":"publish","type":"page","link":"https:\/\/hollerbusch-berlin.de\/?page_id=7","title":{"rendered":"Geschichte"},"content":{"rendered":"\n<figure class=\"wp-block-image size-large\"><img loading=\"lazy\" decoding=\"async\" width=\"1024\" height=\"682\" src=\"https:\/\/hollerbusch-berlin.de\/test\/wp-content\/uploads\/2021\/09\/geschichte-1024x682.jpg\" alt=\"\" class=\"wp-image-59\" srcset=\"https:\/\/hollerbusch-berlin.de\/wp-content\/uploads\/2021\/09\/geschichte-1024x682.jpg 1024w, https:\/\/hollerbusch-berlin.de\/wp-content\/uploads\/2021\/09\/geschichte-300x200.jpg 300w, https:\/\/hollerbusch-berlin.de\/wp-content\/uploads\/2021\/09\/geschichte-768x512.jpg 768w, https:\/\/hollerbusch-berlin.de\/wp-content\/uploads\/2021\/09\/geschichte-1536x1023.jpg 1536w, https:\/\/hollerbusch-berlin.de\/wp-content\/uploads\/2021\/09\/geschichte.jpg 1698w\" sizes=\"auto, (max-width: 1024px) 100vw, 1024px\" \/><\/figure>\n\n\n\n<p>Der Hollerbusch wurde 1985 in Berlin-Kreuzberg mit einer Kindergarten-Gruppe gegr\u00fcndet.<\/p>\n\n\n\n<p>Im Jahr 2001 erweiterte sich der Hollerbusch um eine Kleinkindgruppe f\u00fcr Kinder im Alter von anderthalb bis drei Jahren. Daf\u00fcr wurden zus\u00e4tzliche R\u00e4ume &#8211; mit Verbindung zu den bereits bestehenden &#8211; angemietet und unter Beteiligung der Eltern und Kinderg\u00e4rtnerinnen waldorf- und kleinkindgerecht umgestaltet.<\/p>\n\n\n\n<p>Seit Januar 2004 k\u00f6nnen bis zu 28 Kinder in zwei Gruppen von unseren Kinderg\u00e4rtnerInnen betreut werden. Den Betrieb unterst\u00fctzen weiterhin waldorfinteressierte PraktikantInnen, eine Bio-Vollwert-K\u00f6chin sowie weitere Honorarkr\u00e4fte.<\/p>\n","protected":false},"excerpt":{"rendered":"<p>Der Hollerbusch wurde 1985 in Berlin-Kreuzberg mit einer Kindergarten-Gruppe gegr\u00fcndet. Im Jahr 2001 erweiterte sich der Hollerbusch um eine Kleinkindgruppe f\u00fcr Kinder im Alter von anderthalb bis drei Jahren. Daf\u00fcr wurden zus\u00e4tzliche R\u00e4ume &#8211; mit Verbindung zu den bereits bestehenden &#8211; angemietet und unter Beteiligung der Eltern und Kinderg\u00e4rtnerinnen waldorf- und kleinkindgerecht umgestaltet. Seit Januar [&hellip;]<\/p>\n","protected":false},"author":1,"featured_media":0,"parent":0,"menu_order":0,"comment_status":"closed","ping_status":"closed","template":"","meta":{"site-sidebar-layout":"default","site-content-layout":"default","ast-site-content-layout":"default","site-content-style":"default","site-sidebar-style":"default","ast-global-header-display":"","ast-banner-title-visibility":"","ast-main-header-display":"","ast-hfb-above-header-display":"","ast-hfb-below-header-display":"","ast-hfb-mobile-header-display":"","site-post-title":"","ast-breadcrumbs-content":"","ast-featured-img":"","footer-sml-layout":"","ast-disable-related-posts":"","theme-transparent-header-meta":"default","adv-header-id-meta":"","stick-header-meta":"","header-above-stick-meta":"","header-main-stick-meta":"","header-below-stick-meta":"","astra-migrate-meta-layouts":"default","ast-page-background-enabled":"default","ast-page-background-meta":{"desktop":{"background-color":"","background-image":"","background-repeat":"repeat","background-position":"center center","background-size":"auto","background-attachment":"scroll","background-type":"","background-media":"","overlay-type":"","overlay-color":"","overlay-opacity":"","overlay-gradient":""},"tablet":{"background-color":"","background-image":"","background-repeat":"repeat","background-position":"center center","background-size":"auto","background-attachment":"scroll","background-type":"","background-media":"","overlay-type":"","overlay-color":"","overlay-opacity":"","overlay-gradient":""},"mobile":{"background-color":"","background-image":"","background-repeat":"repeat","background-position":"center center","background-size":"auto","background-attachment":"scroll","background-type":"","background-media":"","overlay-type":"","overlay-color":"","overlay-opacity":"","overlay-gradient":""}},"ast-content-background-meta":{"desktop":{"background-color":"var(--ast-global-color-5)","background-image":"","background-repeat":"repeat","background-position":"center center","background-size":"auto","background-attachment":"scroll","background-type":"","background-media":"","overlay-type":"","overlay-color":"","overlay-opacity":"","overlay-gradient":""},"tablet":{"background-color":"var(--ast-global-color-5)","background-image":"","background-repeat":"repeat","background-position":"center center","background-size":"auto","background-attachment":"scroll","background-type":"","background-media":"","overlay-type":"","overlay-color":"","overlay-opacity":"","overlay-gradient":""},"mobile":{"background-color":"var(--ast-global-color-5)","background-image":"","background-repeat":"repeat","background-position":"center center","background-size":"auto","background-attachment":"scroll","background-type":"","background-media":"","overlay-type":"","overlay-color":"","overlay-opacity":"","overlay-gradient":""}},"footnotes":""},"class_list":["post-7","page","type-page","status-publish","hentry"],"_links":{"self":[{"href":"https:\/\/hollerbusch-berlin.de\/index.php?rest_route=\/wp\/v2\/pages\/7","targetHints":{"allow":["GET"]}}],"collection":[{"href":"https:\/\/hollerbusch-berlin.de\/index.php?rest_route=\/wp\/v2\/pages"}],"about":[{"href":"https:\/\/hollerbusch-berlin.de\/index.php?rest_route=\/wp\/v2\/types\/page"}],"author":[{"embeddable":true,"href":"https:\/\/hollerbusch-berlin.de\/index.php?rest_route=\/wp\/v2\/users\/1"}],"replies":[{"embeddable":true,"href":"https:\/\/hollerbusch-berlin.de\/index.php?rest_route=%2Fwp%2Fv2%2Fcomments&post=7"}],"version-history":[{"count":6,"href":"https:\/\/hollerbusch-berlin.de\/index.php?rest_route=\/wp\/v2\/pages\/7\/revisions"}],"predecessor-version":[{"id":211,"href":"https:\/\/hollerbusch-berlin.de\/index.php?rest_route=\/wp\/v2\/pages\/7\/revisions\/211"}],"wp:attachment":[{"href":"https:\/\/hollerbusch-berlin.de\/index.php?rest_route=%2Fwp%2Fv2%2Fmedia&parent=7"}],"curies":[{"name":"wp","href":"https:\/\/api.w.org\/{rel}","templated":true}]}}