{"id":14,"date":"2021-04-07T16:12:33","date_gmt":"2021-04-07T14:12:33","guid":{"rendered":"http:\/\/hollerbusch-berlin.de\/test\/?page_id=14"},"modified":"2021-09-08T13:18:27","modified_gmt":"2021-09-08T11:18:27","slug":"zusammenarbeit-mit-den-eltern","status":"publish","type":"page","link":"https:\/\/hollerbusch-berlin.de\/?page_id=14","title":{"rendered":"Wir arbeiten zusammen"},"content":{"rendered":"\n<figure class=\"wp-block-image size-large\"><img loading=\"lazy\" decoding=\"async\" width=\"1024\" height=\"766\" src=\"https:\/\/hollerbusch-berlin.de\/test\/wp-content\/uploads\/2021\/09\/eltern-1024x766.jpg\" alt=\"\" class=\"wp-image-64\" srcset=\"https:\/\/hollerbusch-berlin.de\/wp-content\/uploads\/2021\/09\/eltern-1024x766.jpg 1024w, https:\/\/hollerbusch-berlin.de\/wp-content\/uploads\/2021\/09\/eltern-300x224.jpg 300w, https:\/\/hollerbusch-berlin.de\/wp-content\/uploads\/2021\/09\/eltern-768x575.jpg 768w, https:\/\/hollerbusch-berlin.de\/wp-content\/uploads\/2021\/09\/eltern-1536x1149.jpg 1536w, https:\/\/hollerbusch-berlin.de\/wp-content\/uploads\/2021\/09\/eltern-2048x1532.jpg 2048w\" sizes=\"auto, (max-width: 1024px) 100vw, 1024px\" \/><\/figure>\n\n\n\n<p>Wir w\u00fcnschen uns eine enge Zusammenarbeit zwischen den Eltern und den ErzieherInnen und die aktive Mitarbeit im t\u00e4glichen und besonderen Aufgabenfeld des Kinderladens.<\/p>\n\n\n\n<p>Organisatorische Fragen, praktische Aufgaben und waldorfp\u00e4dagogische Themen sind Inhalt regelm\u00e4\u00dfiger Elternabende.<\/p>\n\n\n\n<p>Im Rahmen einer Elternsprechstunde bieten erfahrene ErzieherInnen Einzelgespr\u00e4che an.<\/p>\n","protected":false},"excerpt":{"rendered":"<p>Wir w\u00fcnschen uns eine enge Zusammenarbeit zwischen den Eltern und den ErzieherInnen und die aktive Mitarbeit im t\u00e4glichen und besonderen Aufgabenfeld des Kinderladens. Organisatorische Fragen, praktische Aufgaben und waldorfp\u00e4dagogische Themen sind Inhalt regelm\u00e4\u00dfiger Elternabende. Im Rahmen einer Elternsprechstunde bieten erfahrene ErzieherInnen Einzelgespr\u00e4che an.<\/p>\n","protected":false},"author":1,"featured_media":0,"parent":0,"menu_order":0,"comment_status":"closed","ping_status":"closed","template":"","meta":{"site-sidebar-layout":"default","site-content-layout":"default","ast-site-content-layout":"default","site-content-style":"default","site-sidebar-style":"default","ast-global-header-display":"","ast-banner-title-visibility":"","ast-main-header-display":"","ast-hfb-above-header-display":"","ast-hfb-below-header-display":"","ast-hfb-mobile-header-display":"","site-post-title":"","ast-breadcrumbs-content":"","ast-featured-img":"","footer-sml-layout":"","ast-disable-related-posts":"","theme-transparent-header-meta":"default","adv-header-id-meta":"","stick-header-meta":"","header-above-stick-meta":"","header-main-stick-meta":"","header-below-stick-meta":"","astra-migrate-meta-layouts":"default","ast-page-background-enabled":"default","ast-page-background-meta":{"desktop":{"background-color":"","background-image":"","background-repeat":"repeat","background-position":"center center","background-size":"auto","background-attachment":"scroll","background-type":"","background-media":"","overlay-type":"","overlay-color":"","overlay-opacity":"","overlay-gradient":""},"tablet":{"background-color":"","background-image":"","background-repeat":"repeat","background-position":"center center","background-size":"auto","background-attachment":"scroll","background-type":"","background-media":"","overlay-type":"","overlay-color":"","overlay-opacity":"","overlay-gradient":""},"mobile":{"background-color":"","background-image":"","background-repeat":"repeat","background-position":"center center","background-size":"auto","background-attachment":"scroll","background-type":"","background-media":"","overlay-type":"","overlay-color":"","overlay-opacity":"","overlay-gradient":""}},"ast-content-background-meta":{"desktop":{"background-color":"var(--ast-global-color-5)","background-image":"","background-repeat":"repeat","background-position":"center center","background-size":"auto","background-attachment":"scroll","background-type":"","background-media":"","overlay-type":"","overlay-color":"","overlay-opacity":"","overlay-gradient":""},"tablet":{"background-color":"var(--ast-global-color-5)","background-image":"","background-repeat":"repeat","background-position":"center center","background-size":"auto","background-attachment":"scroll","background-type":"","background-media":"","overlay-type":"","overlay-color":"","overlay-opacity":"","overlay-gradient":""},"mobile":{"background-color":"var(--ast-global-color-5)","background-image":"","background-repeat":"repeat","background-position":"center center","background-size":"auto","background-attachment":"scroll","background-type":"","background-media":"","overlay-type":"","overlay-color":"","overlay-opacity":"","overlay-gradient":""}},"footnotes":""},"class_list":["post-14","page","type-page","status-publish","hentry"],"_links":{"self":[{"href":"https:\/\/hollerbusch-berlin.de\/index.php?rest_route=\/wp\/v2\/pages\/14","targetHints":{"allow":["GET"]}}],"collection":[{"href":"https:\/\/hollerbusch-berlin.de\/index.php?rest_route=\/wp\/v2\/pages"}],"about":[{"href":"https:\/\/hollerbusch-berlin.de\/index.php?rest_route=\/wp\/v2\/types\/page"}],"author":[{"embeddable":true,"href":"https:\/\/hollerbusch-berlin.de\/index.php?rest_route=\/wp\/v2\/users\/1"}],"replies":[{"embeddable":true,"href":"https:\/\/hollerbusch-berlin.de\/index.php?rest_route=%2Fwp%2Fv2%2Fcomments&post=14"}],"version-history":[{"count":5,"href":"https:\/\/hollerbusch-berlin.de\/index.php?rest_route=\/wp\/v2\/pages\/14\/revisions"}],"predecessor-version":[{"id":208,"href":"https:\/\/hollerbusch-berlin.de\/index.php?rest_route=\/wp\/v2\/pages\/14\/revisions\/208"}],"wp:attachment":[{"href":"https:\/\/hollerbusch-berlin.de\/index.php?rest_route=%2Fwp%2Fv2%2Fmedia&parent=14"}],"curies":[{"name":"wp","href":"https:\/\/api.w.org\/{rel}","templated":true}]}}