{"id":12,"date":"2021-04-07T16:12:09","date_gmt":"2021-04-07T14:12:09","guid":{"rendered":"http:\/\/hollerbusch-berlin.de\/test\/?page_id=12"},"modified":"2026-02-17T13:23:40","modified_gmt":"2026-02-17T12:23:40","slug":"traeger-und-finanzierung","status":"publish","type":"page","link":"https:\/\/hollerbusch-berlin.de\/?page_id=12","title":{"rendered":"Tr\u00e4ger &#038; Finanzierung"},"content":{"rendered":"\n<figure class=\"wp-block-image size-large\"><img loading=\"lazy\" decoding=\"async\" width=\"1024\" height=\"766\" src=\"https:\/\/hollerbusch-berlin.de\/test\/wp-content\/uploads\/2021\/09\/traeger-1-1024x766.jpg\" alt=\"\" class=\"wp-image-69\" srcset=\"https:\/\/hollerbusch-berlin.de\/wp-content\/uploads\/2021\/09\/traeger-1-1024x766.jpg 1024w, https:\/\/hollerbusch-berlin.de\/wp-content\/uploads\/2021\/09\/traeger-1-300x224.jpg 300w, https:\/\/hollerbusch-berlin.de\/wp-content\/uploads\/2021\/09\/traeger-1-768x575.jpg 768w, https:\/\/hollerbusch-berlin.de\/wp-content\/uploads\/2021\/09\/traeger-1-1536x1149.jpg 1536w, https:\/\/hollerbusch-berlin.de\/wp-content\/uploads\/2021\/09\/traeger-1-2048x1532.jpg 2048w\" sizes=\"auto, (max-width: 1024px) 100vw, 1024px\" \/><\/figure>\n\n\n\n<p>Der Kinderladen wird von Eltern und ErzieherInnen in Selbstverwaltung betrieben. Tr\u00e4ger ist der Verein Hollerbusch e.V.<\/p>\n\n\n\n<p>Der Verein wird auf Antrag regelm\u00e4\u00dfig steuerbefreit und als gemeinn\u00fctzig anerkannt. Der Hollerbusch ist Mitglied der Vereinigung der Waldorfkinderg\u00e4rten e.V. und im DaKs ( Dachverband der Berliner Kitas )<\/p>\n\n\n\n<p>Finanziert wird der Kinderladen zu 95 Prozent durch das Land Berlin und einen Anteil Elternbeitr\u00e4ge.<\/p>\n","protected":false},"excerpt":{"rendered":"<p>Der Kinderladen wird von Eltern und ErzieherInnen in Selbstverwaltung betrieben. Tr\u00e4ger ist der Verein Hollerbusch e.V. Der Verein wird auf Antrag regelm\u00e4\u00dfig steuerbefreit und als gemeinn\u00fctzig anerkannt. Der Hollerbusch ist Mitglied der Vereinigung der Waldorfkinderg\u00e4rten e.V. und im DaKs ( Dachverband der Berliner Kitas ) Finanziert wird der Kinderladen zu 95 Prozent durch das Land [&hellip;]<\/p>\n","protected":false},"author":1,"featured_media":0,"parent":0,"menu_order":0,"comment_status":"closed","ping_status":"closed","template":"","meta":{"site-sidebar-layout":"default","site-content-layout":"default","ast-site-content-layout":"default","site-content-style":"default","site-sidebar-style":"default","ast-global-header-display":"","ast-banner-title-visibility":"","ast-main-header-display":"","ast-hfb-above-header-display":"","ast-hfb-below-header-display":"","ast-hfb-mobile-header-display":"","site-post-title":"","ast-breadcrumbs-content":"","ast-featured-img":"","footer-sml-layout":"","ast-disable-related-posts":"","theme-transparent-header-meta":"default","adv-header-id-meta":"","stick-header-meta":"","header-above-stick-meta":"","header-main-stick-meta":"","header-below-stick-meta":"","astra-migrate-meta-layouts":"set","ast-page-background-enabled":"default","ast-page-background-meta":{"desktop":{"background-color":"","background-image":"","background-repeat":"repeat","background-position":"center center","background-size":"auto","background-attachment":"scroll","background-type":"","background-media":"","overlay-type":"","overlay-color":"","overlay-opacity":"","overlay-gradient":""},"tablet":{"background-color":"","background-image":"","background-repeat":"repeat","background-position":"center center","background-size":"auto","background-attachment":"scroll","background-type":"","background-media":"","overlay-type":"","overlay-color":"","overlay-opacity":"","overlay-gradient":""},"mobile":{"background-color":"","background-image":"","background-repeat":"repeat","background-position":"center center","background-size":"auto","background-attachment":"scroll","background-type":"","background-media":"","overlay-type":"","overlay-color":"","overlay-opacity":"","overlay-gradient":""}},"ast-content-background-meta":{"desktop":{"background-color":"var(--ast-global-color-5)","background-image":"","background-repeat":"repeat","background-position":"center center","background-size":"auto","background-attachment":"scroll","background-type":"","background-media":"","overlay-type":"","overlay-color":"","overlay-opacity":"","overlay-gradient":""},"tablet":{"background-color":"var(--ast-global-color-5)","background-image":"","background-repeat":"repeat","background-position":"center center","background-size":"auto","background-attachment":"scroll","background-type":"","background-media":"","overlay-type":"","overlay-color":"","overlay-opacity":"","overlay-gradient":""},"mobile":{"background-color":"var(--ast-global-color-5)","background-image":"","background-repeat":"repeat","background-position":"center center","background-size":"auto","background-attachment":"scroll","background-type":"","background-media":"","overlay-type":"","overlay-color":"","overlay-opacity":"","overlay-gradient":""}},"footnotes":""},"class_list":["post-12","page","type-page","status-publish","hentry"],"_links":{"self":[{"href":"https:\/\/hollerbusch-berlin.de\/index.php?rest_route=\/wp\/v2\/pages\/12","targetHints":{"allow":["GET"]}}],"collection":[{"href":"https:\/\/hollerbusch-berlin.de\/index.php?rest_route=\/wp\/v2\/pages"}],"about":[{"href":"https:\/\/hollerbusch-berlin.de\/index.php?rest_route=\/wp\/v2\/types\/page"}],"author":[{"embeddable":true,"href":"https:\/\/hollerbusch-berlin.de\/index.php?rest_route=\/wp\/v2\/users\/1"}],"replies":[{"embeddable":true,"href":"https:\/\/hollerbusch-berlin.de\/index.php?rest_route=%2Fwp%2Fv2%2Fcomments&post=12"}],"version-history":[{"count":10,"href":"https:\/\/hollerbusch-berlin.de\/index.php?rest_route=\/wp\/v2\/pages\/12\/revisions"}],"predecessor-version":[{"id":273,"href":"https:\/\/hollerbusch-berlin.de\/index.php?rest_route=\/wp\/v2\/pages\/12\/revisions\/273"}],"wp:attachment":[{"href":"https:\/\/hollerbusch-berlin.de\/index.php?rest_route=%2Fwp%2Fv2%2Fmedia&parent=12"}],"curies":[{"name":"wp","href":"https:\/\/api.w.org\/{rel}","templated":true}]}}